{"id":1205,"date":"2024-12-13T11:42:58","date_gmt":"2024-12-13T11:42:58","guid":{"rendered":"https:\/\/virestcon.vdisain.dev\/privaatsuspoliitika\/"},"modified":"2025-04-02T12:50:35","modified_gmt":"2025-04-02T12:50:35","slug":"privaatsuspoliitika","status":"publish","type":"page","link":"https:\/\/virestcon.ee\/et\/privaatsuspoliitika\/","title":{"rendered":"Privaatsuspoliitika"},"content":{"rendered":"\n<h2 class=\"wp-block-heading\">Kes me oleme<\/h2>\n\n<p>Meie veebilehe aadress on: https:\/\/virestcon.ee.<\/p>\n\n<h2 class=\"wp-block-heading\">Kommentaarid<\/h2>\n\n<p>Kui k\u00fclastajad j\u00e4tavad saidile kommentaare, kogume me kommentaarivormis n\u00e4idatud andmeid, samuti k\u00fclastaja IP-aadressi ja brauseri kasutajaliidese stringi, et aidata r\u00e4mpsposti tuvastamisel.<\/p>\n\n<p>Gravatari teenusele v\u00f5idakse esitada teie e-posti aadressist loodud anon\u00fc\u00fcmne string (mida nimetatakse ka hashiks), et n\u00e4ha, kas te kasutate seda. Gravatari teenuse privaatsuspoliitika on saadaval siin: https:\/\/automattic.com\/privacy\/. P\u00e4rast teie kommentaari kinnitamist on teie profiilipilt avalikkusele n\u00e4htav teie kommentaari kontekstis. <\/p>\n\n<h2 class=\"wp-block-heading\">Media<\/h2>\n\n<p>Kui te laadite veebilehele pilte \u00fcles, peaksite v\u00e4ltima selliste piltide \u00fcleslaadimist, mis sisaldavad asukohaandmeid (EXIF GPS). Veebisaidi k\u00fclastajad saavad veebisaidil olevatelt piltidelt alla laadida ja eraldada asukohaandmeid. <\/p>\n\n<h2 class=\"wp-block-heading\">K\u00fcpsised<\/h2>\n\n<p>Kui j\u00e4tate meie veebisaidil kommentaari, v\u00f5ite anda n\u00f5usoleku oma nime, e-posti aadressi ja veebisaidi salvestamiseks k\u00fcpsistesse. Need on teie mugavuse huvides, et te ei peaks oma andmeid uuesti sisestama, kui j\u00e4tate teise kommentaari. Need k\u00fcpsised p\u00fcsivad \u00fcks aasta.  <\/p>\n\n<p>Kui k\u00fclastate meie sisselogimislehte, seame ajutise k\u00fcpsise , et teha kindlaks, kas teie brauser aktsepteerib k\u00fcpsiseid. See k\u00fcpsis ei sisalda isikuandmeid ja see h\u00e4vitatakse , kui te sulgete oma brauseri. <\/p>\n\n<p>Kui logite sisse, seadistame ka mitu k\u00fcpsist , et salvestada teie sisselogimise andmeid ja ekraani kuvamise valikuid. Sisselogimisk\u00fcpsised kestavad kaks p\u00e4eva ja ekraanivalikute k\u00fcpsised kestavad aasta. Kui valite&#8221;M\u00e4leta mind&#8221; , s\u00e4ilib teie sisselogimine kaks n\u00e4dalat. Kui logite oma kontost v\u00e4lja , eemaldatakse sisselogimisk\u00fcpsised.   <\/p>\n\n<p>Kui te redigeerite v\u00f5i avaldate artiklit, salvestatakse teie brauserisse t\u00e4iendav k\u00fcpsis. See k\u00fcpsis ei sisalda mingeid isikuandmeid ja n\u00e4itab lihtsalt \u00e4sja redigeeritud artikli postituse ID-d. See aegub 1 p\u00e4eva p\u00e4rast.  <\/p>\n\n<h2 class=\"wp-block-heading\">Sisseehitatud sisu teistelt veebisaitidelt<\/h2>\n\n<p>Selle veebisaidi artiklid v\u00f5ivad sisaldada varjatud sisu (nt videod, pildid, artiklid jne.). Sisseehitatud sisu teistelt veebisaitidelt k\u00e4itub t\u00e4pselt samamoodi. nii, nagu oleks k\u00fclastaja k\u00fclastanud teist veebilehte. <\/p>\n\n<p>Need veebisaidid v\u00f5ivad koguda teie kohta andmeid, kasutada k\u00fcpsiseid, varjata t\u00e4iendavat kolmanda osapoole j\u00e4lgimist ja j\u00e4lgida teie suhtlemist selle varjatud sisuga, sealhulgas j\u00e4lgida teie interaktsiooni varjatud sisuga , kui teil on konto ja te olete sellele veebisaidile sisse logitud.<\/p>\n\n<h2 class=\"wp-block-heading\">Kellega me teie andmeid jagame<\/h2>\n\n<p>Kui taotlete parooli l\u00e4htestamist, lisatakse teie IP-aadress l\u00e4htestamise e-kirjale.<\/p>\n\n<h2 class=\"wp-block-heading\">Kui kaua me teie andmeid s\u00e4ilitame<\/h2>\n\n<p>Kui j\u00e4tate kommentaari, s\u00e4ilitatakse kommentaar ja selle metaandmed m\u00e4\u00e4ramata ajaks. See on vajalik selleks, et me saaksime automaatselt \u00e4ra tunda ja heaks kiita k\u00f5ik j\u00e4relkommentaarid, selle asemel, et hoida neid modereerimise j\u00e4rjekorras. <\/p>\n\n<p>Kasutajate puhul , kes registreeruvad meie veebisaidil (kui neid on), salvestame ka nende poolt esitatud isikuandmeid nende kasutajaprofiilis. K\u00f5ik kasutajad saavad n\u00e4ha, muuta, v\u00f5i kustutada oma isikuandmeid igal ajal (v\u00e4lja arvatud seda, et nad ei saa oma kasutajanime muuta ). Veebisaidi administraatorid saavad seda teavet samuti n\u00e4ha ja muuta.  <\/p>\n\n<h2 class=\"wp-block-heading\">Millised \u00f5igused teil on oma andmete suhtes<\/h2>\n\n<p>Kui teil on sellel saidil konto v\u00f5i olete j\u00e4tnud kommentaare, v\u00f5ite taotleda , et saaksite eksporditud faili teie kohta hoitavatest isikuandmetest, sealhulgas k\u00f5ik andmed , mida olete meile esitanud. Samuti v\u00f5ite taotleda , et me kustutaksime k\u00f5ik teie kohta k\u00e4ivad isikuandmed. See ei h\u00f5lma andmeid, mida me oleme kohustatud s\u00e4ilitama administratiivsetel eesm\u00e4rkidel, \u00f5iguslikel v\u00f5i turvalisuse eesm\u00e4rkidel.  <\/p>\n\n<h2 class=\"wp-block-heading\">Kuhu teie andmed saadetakse<\/h2>\n\n<p>K\u00fclastajate kommentaare v\u00f5idakse kontrollida automaatse r\u00e4mpsposti tuvastamise teenuse kaudu.<\/p>\n","protected":false},"excerpt":{"rendered":"<p>Kes me oleme Meie veebilehe aadress on: https:\/\/virestcon.ee. Kommentaarid Kui k\u00fclastajad j\u00e4tavad saidile kommentaare, kogume me kommentaarivormis n\u00e4idatud andmeid, samuti k\u00fclastaja IP-aadressi ja brauseri kasutajaliidese stringi, et aidata r\u00e4mpsposti tuvastamisel. Gravatari teenusele v\u00f5idakse esitada teie e-posti aadressist loodud anon\u00fc\u00fcmne string (mida nimetatakse ka hashiks), et n\u00e4ha, kas te kasutate seda. Gravatari teenuse privaatsuspoliitika on saadaval [&hellip;]<\/p>\n","protected":false},"author":1,"featured_media":0,"parent":0,"menu_order":0,"comment_status":"closed","ping_status":"open","template":"","meta":{"_acf_changed":false,"footnotes":""},"class_list":["post-1205","page","type-page","status-publish","hentry"],"acf":[],"yoast_head":"<!-- This site is optimized with the Yoast SEO plugin v24.8.1 - https:\/\/yoast.com\/wordpress\/plugins\/seo\/ -->\n<title>Privaatsuspoliitika - Virestcon<\/title>\n<meta name=\"robots\" content=\"index, follow, max-snippet:-1, max-image-preview:large, max-video-preview:-1\" \/>\n<link rel=\"canonical\" href=\"https:\/\/virestcon.ee\/et\/privaatsuspoliitika\/\" \/>\n<meta property=\"og:locale\" content=\"et_EE\" \/>\n<meta property=\"og:type\" content=\"article\" \/>\n<meta property=\"og:title\" content=\"Privaatsuspoliitika - Virestcon\" \/>\n<meta property=\"og:description\" content=\"Kes me oleme Meie veebilehe aadress on: https:\/\/virestcon.ee. Kommentaarid Kui k\u00fclastajad j\u00e4tavad saidile kommentaare, kogume me kommentaarivormis n\u00e4idatud andmeid, samuti k\u00fclastaja IP-aadressi ja brauseri kasutajaliidese stringi, et aidata r\u00e4mpsposti tuvastamisel. Gravatari teenusele v\u00f5idakse esitada teie e-posti aadressist loodud anon\u00fc\u00fcmne string (mida nimetatakse ka hashiks), et n\u00e4ha, kas te kasutate seda. Gravatari teenuse privaatsuspoliitika on saadaval [&hellip;]\" \/>\n<meta property=\"og:url\" content=\"https:\/\/virestcon.ee\/et\/privaatsuspoliitika\/\" \/>\n<meta property=\"og:site_name\" content=\"Virestcon\" \/>\n<meta property=\"article:modified_time\" content=\"2025-04-02T12:50:35+00:00\" \/>\n<meta property=\"og:image\" content=\"https:\/\/virestcon.ee\/wp-content\/uploads\/2024\/12\/ehitus2.png\" \/>\n\t<meta property=\"og:image:width\" content=\"438\" \/>\n\t<meta property=\"og:image:height\" content=\"101\" \/>\n\t<meta property=\"og:image:type\" content=\"image\/png\" \/>\n<meta name=\"twitter:card\" content=\"summary_large_image\" \/>\n<meta name=\"twitter:label1\" content=\"Est. reading time\" \/>\n\t<meta name=\"twitter:data1\" content=\"3 minutit\" \/>\n<script type=\"application\/ld+json\" class=\"yoast-schema-graph\">{\"@context\":\"https:\/\/schema.org\",\"@graph\":[{\"@type\":\"WebPage\",\"@id\":\"https:\/\/virestcon.ee\/et\/privaatsuspoliitika\/\",\"url\":\"https:\/\/virestcon.ee\/et\/privaatsuspoliitika\/\",\"name\":\"Privaatsuspoliitika - Virestcon\",\"isPartOf\":{\"@id\":\"https:\/\/virestcon.ee\/et\/#website\"},\"datePublished\":\"2024-12-13T11:42:58+00:00\",\"dateModified\":\"2025-04-02T12:50:35+00:00\",\"breadcrumb\":{\"@id\":\"https:\/\/virestcon.ee\/et\/privaatsuspoliitika\/#breadcrumb\"},\"inLanguage\":\"et\",\"potentialAction\":[{\"@type\":\"ReadAction\",\"target\":[\"https:\/\/virestcon.ee\/et\/privaatsuspoliitika\/\"]}]},{\"@type\":\"BreadcrumbList\",\"@id\":\"https:\/\/virestcon.ee\/et\/privaatsuspoliitika\/#breadcrumb\",\"itemListElement\":[{\"@type\":\"ListItem\",\"position\":1,\"name\":\"Home\",\"item\":\"https:\/\/virestcon.ee\/et\/koduleht\/\"},{\"@type\":\"ListItem\",\"position\":2,\"name\":\"Privaatsuspoliitika\"}]},{\"@type\":\"WebSite\",\"@id\":\"https:\/\/virestcon.ee\/et\/#website\",\"url\":\"https:\/\/virestcon.ee\/et\/\",\"name\":\"Virestcon\",\"description\":\"Building Trust and Quality\",\"publisher\":{\"@id\":\"https:\/\/virestcon.ee\/et\/#organization\"},\"potentialAction\":[{\"@type\":\"SearchAction\",\"target\":{\"@type\":\"EntryPoint\",\"urlTemplate\":\"https:\/\/virestcon.ee\/et\/?s={search_term_string}\"},\"query-input\":{\"@type\":\"PropertyValueSpecification\",\"valueRequired\":true,\"valueName\":\"search_term_string\"}}],\"inLanguage\":\"et\"},{\"@type\":\"Organization\",\"@id\":\"https:\/\/virestcon.ee\/et\/#organization\",\"name\":\"Virestcon\",\"url\":\"https:\/\/virestcon.ee\/et\/\",\"logo\":{\"@type\":\"ImageObject\",\"inLanguage\":\"et\",\"@id\":\"https:\/\/virestcon.ee\/et\/#\/schema\/logo\/image\/\",\"url\":\"https:\/\/virestcon.ee\/wp-content\/uploads\/2024\/12\/ehitus2.png\",\"contentUrl\":\"https:\/\/virestcon.ee\/wp-content\/uploads\/2024\/12\/ehitus2.png\",\"width\":438,\"height\":101,\"caption\":\"Virestcon\"},\"image\":{\"@id\":\"https:\/\/virestcon.ee\/et\/#\/schema\/logo\/image\/\"}}]}<\/script>\n<!-- \/ Yoast SEO plugin. -->","yoast_head_json":{"title":"Privaatsuspoliitika - Virestcon","robots":{"index":"index","follow":"follow","max-snippet":"max-snippet:-1","max-image-preview":"max-image-preview:large","max-video-preview":"max-video-preview:-1"},"canonical":"https:\/\/virestcon.ee\/et\/privaatsuspoliitika\/","og_locale":"et_EE","og_type":"article","og_title":"Privaatsuspoliitika - Virestcon","og_description":"Kes me oleme Meie veebilehe aadress on: https:\/\/virestcon.ee. Kommentaarid Kui k\u00fclastajad j\u00e4tavad saidile kommentaare, kogume me kommentaarivormis n\u00e4idatud andmeid, samuti k\u00fclastaja IP-aadressi ja brauseri kasutajaliidese stringi, et aidata r\u00e4mpsposti tuvastamisel. Gravatari teenusele v\u00f5idakse esitada teie e-posti aadressist loodud anon\u00fc\u00fcmne string (mida nimetatakse ka hashiks), et n\u00e4ha, kas te kasutate seda. Gravatari teenuse privaatsuspoliitika on saadaval [&hellip;]","og_url":"https:\/\/virestcon.ee\/et\/privaatsuspoliitika\/","og_site_name":"Virestcon","article_modified_time":"2025-04-02T12:50:35+00:00","og_image":[{"width":438,"height":101,"url":"https:\/\/virestcon.ee\/wp-content\/uploads\/2024\/12\/ehitus2.png","type":"image\/png"}],"twitter_card":"summary_large_image","twitter_misc":{"Est. reading time":"3 minutit"},"schema":{"@context":"https:\/\/schema.org","@graph":[{"@type":"WebPage","@id":"https:\/\/virestcon.ee\/et\/privaatsuspoliitika\/","url":"https:\/\/virestcon.ee\/et\/privaatsuspoliitika\/","name":"Privaatsuspoliitika - Virestcon","isPartOf":{"@id":"https:\/\/virestcon.ee\/et\/#website"},"datePublished":"2024-12-13T11:42:58+00:00","dateModified":"2025-04-02T12:50:35+00:00","breadcrumb":{"@id":"https:\/\/virestcon.ee\/et\/privaatsuspoliitika\/#breadcrumb"},"inLanguage":"et","potentialAction":[{"@type":"ReadAction","target":["https:\/\/virestcon.ee\/et\/privaatsuspoliitika\/"]}]},{"@type":"BreadcrumbList","@id":"https:\/\/virestcon.ee\/et\/privaatsuspoliitika\/#breadcrumb","itemListElement":[{"@type":"ListItem","position":1,"name":"Home","item":"https:\/\/virestcon.ee\/et\/koduleht\/"},{"@type":"ListItem","position":2,"name":"Privaatsuspoliitika"}]},{"@type":"WebSite","@id":"https:\/\/virestcon.ee\/et\/#website","url":"https:\/\/virestcon.ee\/et\/","name":"Virestcon","description":"Building Trust and Quality","publisher":{"@id":"https:\/\/virestcon.ee\/et\/#organization"},"potentialAction":[{"@type":"SearchAction","target":{"@type":"EntryPoint","urlTemplate":"https:\/\/virestcon.ee\/et\/?s={search_term_string}"},"query-input":{"@type":"PropertyValueSpecification","valueRequired":true,"valueName":"search_term_string"}}],"inLanguage":"et"},{"@type":"Organization","@id":"https:\/\/virestcon.ee\/et\/#organization","name":"Virestcon","url":"https:\/\/virestcon.ee\/et\/","logo":{"@type":"ImageObject","inLanguage":"et","@id":"https:\/\/virestcon.ee\/et\/#\/schema\/logo\/image\/","url":"https:\/\/virestcon.ee\/wp-content\/uploads\/2024\/12\/ehitus2.png","contentUrl":"https:\/\/virestcon.ee\/wp-content\/uploads\/2024\/12\/ehitus2.png","width":438,"height":101,"caption":"Virestcon"},"image":{"@id":"https:\/\/virestcon.ee\/et\/#\/schema\/logo\/image\/"}}]}},"_links":{"self":[{"href":"https:\/\/virestcon.ee\/et\/wp-json\/wp\/v2\/pages\/1205","targetHints":{"allow":["GET"]}}],"collection":[{"href":"https:\/\/virestcon.ee\/et\/wp-json\/wp\/v2\/pages"}],"about":[{"href":"https:\/\/virestcon.ee\/et\/wp-json\/wp\/v2\/types\/page"}],"author":[{"embeddable":true,"href":"https:\/\/virestcon.ee\/et\/wp-json\/wp\/v2\/users\/1"}],"replies":[{"embeddable":true,"href":"https:\/\/virestcon.ee\/et\/wp-json\/wp\/v2\/comments?post=1205"}],"version-history":[{"count":4,"href":"https:\/\/virestcon.ee\/et\/wp-json\/wp\/v2\/pages\/1205\/revisions"}],"predecessor-version":[{"id":2284,"href":"https:\/\/virestcon.ee\/et\/wp-json\/wp\/v2\/pages\/1205\/revisions\/2284"}],"wp:attachment":[{"href":"https:\/\/virestcon.ee\/et\/wp-json\/wp\/v2\/media?parent=1205"}],"curies":[{"name":"wp","href":"https:\/\/api.w.org\/{rel}","templated":true}]}}